{"id":989865,"date":"2025-03-31T18:40:19","date_gmt":"2025-03-31T17:40:19","guid":{"rendered":"https:\/\/samugabor.hu\/?page_id=989865"},"modified":"2025-03-31T19:25:03","modified_gmt":"2025-03-31T18:25:03","slug":"adatvedelmi-szabalyzat","status":"publish","type":"page","link":"https:\/\/samugabor.hu\/?page_id=989865","title":{"rendered":"Adatv\u00e9delmi Szab\u00e1lyzat"},"content":{"rendered":"\n<style> a.cky-banner-element { padding: 8px 30px; background: #F8F9FA; color: #858A8F; border: 1px solid #DEE2E6; box-sizing: border-box; border-radius: 2px; cursor: pointer; } <\/style>\n\n<p><span>Utols\u00f3 friss\u00edt\u00e9s: 2025. m\u00e1rcius 31.<\/span>\n<br><span>\u00c9rv\u00e9nyess\u00e9g d\u00e1tuma: 2025. m\u00e1rcius 31.<\/span><\/p>\n\n<p class=\"privacy-policy-p\">\n    Ez az Adatv\u00e9delmi Szab\u00e1lyzat ismerteti a\n\n    Samu G\u00e1bor Egy\u00e9ni V\u00e1llalkoz\u00f3,\n    Vizimoln\u00e1r utca 17. 3\/9.,\n    Budapest\n    1031,\n    Magyarorsz\u00e1g,\n    e-mail: sami.gabor@gmail.com,\n    telefon: +36 20 385 3541\n\n    \u00e1ltal v\u00e9gzett adatgy\u0171jt\u00e9sre,\n    felhaszn\u00e1l\u00e1sra \u00e9s k\u00f6zz\u00e9t\u00e9telre vonatkoz\u00f3 ir\u00e1nyelveket, amelyeket akkor gy\u0171jt\u00fcnk \u00d6nt\u0151l,\n    amikor \u00d6n a weboldalunkat ( https:\/\/samugabor.hu ) haszn\u00e1lja.\n    (a \u201eSzolg\u00e1ltat\u00e1s\u201d). A\n    Szolg\u00e1ltat\u00e1s el\u00e9r\u00e9s\u00e9vel vagy haszn\u00e1lat\u00e1val \u00d6n hozz\u00e1j\u00e1rul az adatainak\n    gy\u0171jt\u00e9s\u00e9hez, felhaszn\u00e1l\u00e1s\u00e1hoz \u00e9s k\u00f6zz\u00e9t\u00e9tel\u00e9hez a jelen\n    Adatv\u00e9delmi Szab\u00e1lyzatnak megfelel\u0151en. Amennyiben ehhez nem j\u00e1rul hozz\u00e1,\n    k\u00e9rj\u00fck, ne l\u00e9pjen be a Szolg\u00e1ltat\u00e1sba \u00e9s ne haszn\u00e1lja azt.\n<\/p>\n\n<p class=\"privacy-policy-p\">\n    Ezt az Adatv\u00e9delmi Szab\u00e1lyzatot b\u00e1rmikor, el\u0151zetes \u00e9rtes\u00edt\u00e9s n\u00e9lk\u00fcl\n    m\u00f3dos\u00edthatjuk, \u00e9s a fel\u00fclvizsg\u00e1lt Adatv\u00e9delmi Szab\u00e1lyzatot a\n    Szolg\u00e1ltat\u00e1sban tessz\u00fck k\u00f6zz\u00e9. A fel\u00fclvizsg\u00e1lt Szab\u00e1lyzat\n    a Szolg\u00e1ltat\u00e1sban val\u00f3 k\u00f6zz\u00e9t\u00e9tel\u00e9t\u0151l sz\u00e1m\u00edtott 180 nap eltelt\u00e9vel\n    l\u00e9p hat\u00e1lyba, \u00e9s az \u00d6n ezt k\u00f6vet\u0151 folyamatos hozz\u00e1f\u00e9r\u00e9se vagy\n    a Szolg\u00e1ltat\u00e1s haszn\u00e1lata a fel\u00fclvizsg\u00e1lt Adatv\u00e9delmi Szab\u00e1lyzat\n    elfogad\u00e1s\u00e1nak min\u0151s\u00fcl. Ez\u00e9rt javasoljuk, hogy rendszeresen\n    tekintse \u00e1t ezt az oldalt.\n<\/p>\n\n        <h2 class=\"privacy-policy-h2\">\n            Hogyan osztjuk meg az \u00d6n adatait:\n        <\/h2>\n\n\n            <p class=\"privacy-policy-p\">\n                Szem\u00e9lyes adatait az \u00d6n hozz\u00e1j\u00e1rul\u00e1sa n\u00e9lk\u00fcl nem adjuk \u00e1t\n                harmadik f\u00e9lnek, kiv\u00e9ve az al\u00e1bbiakban le\u00edrt korl\u00e1tozott\n                esetekben:\n            <\/p>\n\n\n               <h3>Analitika<\/h3>\n\n\n\n        <p class=\"privacy-policy-p\">\n            Az ilyen harmadik feleknek az \u00e1ltalunk \u00e1tadott\n            szem\u00e9lyes adatokat kiz\u00e1r\u00f3lag arra a c\u00e9lra kell felhaszn\u00e1lniuk,\n            amelyre azokat \u00e1tadtuk, \u00e9s azokat nem t\u00e1rolhatj\u00e1k tov\u00e1bb,\n            mint amennyi az eml\u00edtett c\u00e9l teljes\u00edt\u00e9s\u00e9hez sz\u00fcks\u00e9ges.\n        <\/p>\n        <p class=\"privacy-policy-p\">\n            Szem\u00e9lyes adatait a k\u00f6vetkez\u0151k c\u00e9lj\u00e1b\u00f3l is\n            k\u00f6z\u00f6lhetj\u00fck: (1) az alkalmazand\u00f3 t\u00f6rv\u00e9nyek, rendeletek,\n            b\u00edr\u00f3s\u00e1gi v\u00e9gz\u00e9sek vagy egy\u00e9b jogi elj\u00e1r\u00e1sok betart\u00e1sa \u00e9rdek\u00e9ben;\n            (2) az \u00d6nnel k\u00f6t\u00f6tt meg\u00e1llapod\u00e1saink, bele\u00e9rtve a jelen\n            Adatv\u00e9delmi Szab\u00e1lyzatot is, \u00e9rv\u00e9nyes\u00edt\u00e9se \u00e9rdek\u00e9ben; vagy\n            (3) olyan k\u00f6vetel\u00e9sekre val\u00f3 v\u00e1laszad\u00e1s c\u00e9lj\u00e1b\u00f3l, amelyek szerint\n            \u00d6n a Szolg\u00e1ltat\u00e1s haszn\u00e1lat\u00e1val harmadik felek jogait s\u00e9rti.\n            Amennyiben a Szolg\u00e1ltat\u00e1sunk vagy c\u00e9g\u00fcnk egy m\u00e1sik c\u00e9ggel\n            \u00f6sszeolvad vagy felv\u00e1s\u00e1rl\u00e1sra ker\u00fcl, az \u00d6n adatai azon\n            eszk\u00f6z\u00f6k k\u00f6z\u00e9 tartoznak majd, amelyek az \u00faj tulajdonosra\n            ker\u00fclnek \u00e1truh\u00e1z\u00e1sra.\n        <\/p>\n\n        <h2 class=\"privacy-policy-h2\">\n            Az \u00d6n jogai:\n        <\/h2>\n        <p class=\"privacy-policy-p\">\n            Az alkalmazand\u00f3 jogszab\u00e1lyokt\u00f3l f\u00fcgg\u0151en \u00d6nnek joga lehet\n            hozz\u00e1f\u00e9rni, helyesb\u00edteni vagy t\u00f6r\u00f6lni szem\u00e9lyes adatait,\n            vagy m\u00e1solatot kapni szem\u00e9lyes adatair\u00f3l, korl\u00e1tozni vagy\n            tiltakozni adatainak akt\u00edv feldolgoz\u00e1sa ellen, k\u00e9rni t\u0151l\u00fcnk\n            szem\u00e9lyes adatainak megoszt\u00e1s\u00e1t (portol\u00e1s\u00e1t) egy m\u00e1sik\n            szervezet sz\u00e1m\u00e1ra, visszavonni b\u00e1rmely hozz\u00e1j\u00e1rul\u00e1s\u00e1t, amelyet\n            adatainak feldolgoz\u00e1s\u00e1hoz adott nek\u00fcnk, panaszt beny\u00fajtani\n            egy t\u00f6rv\u00e9nyes hat\u00f3s\u00e1gn\u00e1l, \u00e9s az alkalmazand\u00f3 jogszab\u00e1lyok\n            szerint egy\u00e9b relev\u00e1ns jogokkal is rendelkezhet. Ezen jogok\n            gyakorl\u00e1s\u00e1hoz \u00edrjon nek\u00fcnk a sami.gabor@gmail.com c\u00edmre.\n            K\u00e9r\u00e9s\u00e9re az alkalmazand\u00f3 jogszab\u00e1lyoknak megfelel\u0151en\n            v\u00e1laszolunk.\n        <\/p>\n\n\n        <p class=\"privacy-policy-p\">\n            Felh\u00edvjuk figyelm\u00e9t, hogy amennyiben nem enged\u00e9lyezi sz\u00e1munkra\n            a sz\u00fcks\u00e9ges szem\u00e9lyes adatok gy\u0171jt\u00e9s\u00e9t vagy feldolgoz\u00e1s\u00e1t,\n            vagy visszavonja az azok meghat\u00e1rozott c\u00e9lokra t\u00f6rt\u00e9n\u0151\n            feldolgoz\u00e1s\u00e1hoz adott hozz\u00e1j\u00e1rul\u00e1s\u00e1t, el\u0151fordulhat, hogy nem\n            tudja el\u00e9rni vagy haszn\u00e1lni azokat a szolg\u00e1ltat\u00e1sokat, amelyekhez\n            az \u00d6n adatait k\u00e9rt\u00fck.\n        <\/p>\n\n        <h2 class=\"privacy-policy-h2\">\n            S\u00fctik stb.\n        <\/h2>\n        <p class=\"privacy-policy-p\">\n\n\n            Ha t\u00f6bbet szeretne megtudni arr\u00f3l, hogyan haszn\u00e1ljuk ezeket\n            \u00e9s az ezekkel a nyomk\u00f6vet\u00e9si technol\u00f3gi\u00e1kkal kapcsolatos\n            v\u00e1laszt\u00e1si lehet\u0151s\u00e9geir\u0151l, k\u00e9rj\u00fck, tekintse meg a\n            <a href=\"https:\/\/samugabor.hu\/adatkezelesi-tajekoztato\">S\u00fcti Szab\u00e1lyzatunkat.<\/a>\n        <\/p>\n\n        <h2 class=\"privacy-policy-h2\">\n            Biztons\u00e1g:\n        <\/h2>\n        <p class=\"privacy-policy-p\">\n            Az \u00d6n adatainak biztons\u00e1ga fontos sz\u00e1munkra, \u00e9s \u00e9sszer\u0171\n            biztons\u00e1gi int\u00e9zked\u00e9seket foganatos\u00edtunk az ir\u00e1ny\u00edt\u00e1sunk\n            alatt \u00e1ll\u00f3 adatok elveszt\u00e9s\u00e9nek, vissza\u00e9l\u00e9s\u00e9nek vagy\n            jogosulatlan megv\u00e1ltoztat\u00e1s\u00e1nak megakad\u00e1lyoz\u00e1s\u00e1ra. Azonban\n            a velej\u00e1r\u00f3 kock\u00e1zatok miatt nem tudjuk garant\u00e1lni a teljes\n            biztons\u00e1got, \u00e9s k\u00f6vetkez\u00e9sk\u00e9ppen nem tudjuk biztos\u00edtani vagy\n            szavatolni az \u00d6n \u00e1ltal nek\u00fcnk tov\u00e1bb\u00edtott adatok biztons\u00e1g\u00e1t,\n            \u00e9s \u00d6n ezt saj\u00e1t felel\u0151ss\u00e9g\u00e9re teszi.\n        <\/p>\n\n        <h2 class=\"privacy-policy-h2\">\n            Harmadik f\u00e9lre mutat\u00f3 linkek \u00e9s az \u00d6n adatainak felhaszn\u00e1l\u00e1sa:\n        <\/h2>\n        <p class=\"privacy-policy-p\">\n            Szolg\u00e1ltat\u00e1sunk tartalmazhat olyan weboldalakra mutat\u00f3 linkeket,\n            amelyeket nem mi \u00fczemeltet\u00fcnk. Ez az Adatv\u00e9delmi Szab\u00e1lyzat\n            nem terjed ki harmadik felek adatv\u00e9delmi szab\u00e1lyzat\u00e1ra \u00e9s\n            egy\u00e9b gyakorlataira, bele\u00e9rtve b\u00e1rmely olyan harmadik felet is,\n            amely olyan weboldalt vagy szolg\u00e1ltat\u00e1st \u00fczemeltet, amely a\n            Szolg\u00e1ltat\u00e1son tal\u00e1lhat\u00f3 linken kereszt\u00fcl el\u00e9rhet\u0151 lehet.\n            Nyomat\u00e9kosan javasoljuk, hogy tekintse \u00e1t minden megl\u00e1togatott\n            webhely adatv\u00e9delmi szab\u00e1lyzat\u00e1t. Nincs befoly\u00e1sunk \u00e9s nem\n            v\u00e1llalunk felel\u0151ss\u00e9get harmadik f\u00e9l webhelyeinek vagy\n            szolg\u00e1ltat\u00e1sainak tartalm\u00e1\u00e9rt, adatv\u00e9delmi szab\u00e1lyzatai\u00e9rt vagy\n            gyakorlatai\u00e9rt.\n        <\/p>\n\n        <h2 class=\"privacy-policy-h2\">\n            Panaszkezel\u00e9s \/ Adatv\u00e9delmi Tisztvisel\u0151:\n        <\/h2>\n        <p class=\"privacy-policy-p\">\n            Ha b\u00e1rmilyen k\u00e9rd\u00e9se vagy agg\u00e1lya van az \u00e1ltalunk kezelt\n            adatainak feldolgoz\u00e1s\u00e1val kapcsolatban, e-mailben fordulhat\n            Panaszkezel\u00e9si Tisztvisel\u0151nkh\u00f6z a k\u00f6vetkez\u0151 c\u00edmen:\n            Samu G\u00e1bor Egy\u00e9ni V\u00e1llalkoz\u00f3,\n            Vizimoln\u00e1r utca 17. 3\/9.,\n            e-mail: sami.gabor@gmail.com.\n            Agg\u00e1lyait az alkalmazand\u00f3 jogszab\u00e1lyoknak megfelel\u0151en kezelj\u00fck.\n        <\/p>\n\n<p class=\"privacy-policy-p\">\n    Adatv\u00e9delmi Szab\u00e1lyzat gener\u00e1lva a <a target=\"_blank\" href=\"https:\/\/www.cookieyes.com\/?utm_source=PP&#038;utm_medium=footer&#038;utm_campaign=UW\">CookieYes<\/a> seg\u00edts\u00e9g\u00e9vel.\n<\/p>\n","protected":false},"excerpt":{"rendered":"<p>Utols\u00f3 friss\u00edt\u00e9s: 2025. m\u00e1rcius 31. \u00c9rv\u00e9nyess\u00e9g d\u00e1tuma: 2025. m\u00e1rcius 31. Ez az Adatv\u00e9delmi Szab\u00e1lyzat ismerteti a Samu G\u00e1bor Egy\u00e9ni V\u00e1llalkoz\u00f3, Vizimoln\u00e1r utca 17. 3\/9., Budapest 1031, Magyarorsz\u00e1g, e-mail: sami.gabor@gmail.com, telefon: +36 20 385 3541 \u00e1ltal v\u00e9gzett adatgy\u0171jt\u00e9sre, felhaszn\u00e1l\u00e1sra \u00e9s k\u00f6zz\u00e9t\u00e9telre vonatkoz\u00f3 ir\u00e1nyelveket, amelyeket akkor gy\u0171jt\u00fcnk \u00d6nt\u0151l, amikor \u00d6n a weboldalunkat ( https:\/\/samugabor.hu ) haszn\u00e1lja. (a&hellip;&nbsp;<\/p>\n","protected":false},"author":1,"featured_media":0,"parent":0,"menu_order":0,"comment_status":"closed","ping_status":"closed","template":"","meta":{"neve_meta_sidebar":"","neve_meta_container":"","neve_meta_enable_content_width":"","neve_meta_content_width":0,"neve_meta_title_alignment":"","neve_meta_author_avatar":"","neve_post_elements_order":"","neve_meta_disable_header":"","neve_meta_disable_footer":"","neve_meta_disable_title":"","_themeisle_gutenberg_block_has_review":false,"footnotes":""},"class_list":["post-989865","page","type-page","status-publish","hentry"],"_links":{"self":[{"href":"https:\/\/samugabor.hu\/index.php?rest_route=\/wp\/v2\/pages\/989865","targetHints":{"allow":["GET"]}}],"collection":[{"href":"https:\/\/samugabor.hu\/index.php?rest_route=\/wp\/v2\/pages"}],"about":[{"href":"https:\/\/samugabor.hu\/index.php?rest_route=\/wp\/v2\/types\/page"}],"author":[{"embeddable":true,"href":"https:\/\/samugabor.hu\/index.php?rest_route=\/wp\/v2\/users\/1"}],"replies":[{"embeddable":true,"href":"https:\/\/samugabor.hu\/index.php?rest_route=%2Fwp%2Fv2%2Fcomments&post=989865"}],"version-history":[{"count":0,"href":"https:\/\/samugabor.hu\/index.php?rest_route=\/wp\/v2\/pages\/989865\/revisions"}],"wp:attachment":[{"href":"https:\/\/samugabor.hu\/index.php?rest_route=%2Fwp%2Fv2%2Fmedia&parent=989865"}],"curies":[{"name":"wp","href":"https:\/\/api.w.org\/{rel}","templated":true}]}}